{"id":9485,"date":"2022-09-20T07:34:46","date_gmt":"2022-09-20T07:34:46","guid":{"rendered":"https:\/\/arendt-academy.be\/?page_id=9485"},"modified":"2023-03-24T17:15:49","modified_gmt":"2023-03-24T17:15:49","slug":"tools","status":"publish","type":"page","link":"https:\/\/arendt-academy.be\/fr\/tools\/","title":{"rendered":"Outils"},"content":{"rendered":"<p>Ce contenu est r\u00e9serv\u00e9 aux abonn\u00e9s<\/p>","protected":false},"excerpt":{"rendered":"<p>Ce contenu est r\u00e9serv\u00e9 aux abonn\u00e9s<\/p>","protected":false},"author":1,"featured_media":0,"parent":0,"menu_order":0,"comment_status":"closed","ping_status":"closed","template":"elementor_header_footer","meta":{"_acf_changed":false,"footnotes":""},"class_list":["post-9485","page","type-page","status-publish","hentry"],"acf":[],"_links":{"self":[{"href":"https:\/\/arendt-academy.be\/fr\/wp-json\/wp\/v2\/pages\/9485","targetHints":{"allow":["GET"]}}],"collection":[{"href":"https:\/\/arendt-academy.be\/fr\/wp-json\/wp\/v2\/pages"}],"about":[{"href":"https:\/\/arendt-academy.be\/fr\/wp-json\/wp\/v2\/types\/page"}],"author":[{"embeddable":true,"href":"https:\/\/arendt-academy.be\/fr\/wp-json\/wp\/v2\/users\/1"}],"replies":[{"embeddable":true,"href":"https:\/\/arendt-academy.be\/fr\/wp-json\/wp\/v2\/comments?post=9485"}],"version-history":[{"count":8,"href":"https:\/\/arendt-academy.be\/fr\/wp-json\/wp\/v2\/pages\/9485\/revisions"}],"predecessor-version":[{"id":14667,"href":"https:\/\/arendt-academy.be\/fr\/wp-json\/wp\/v2\/pages\/9485\/revisions\/14667"}],"wp:attachment":[{"href":"https:\/\/arendt-academy.be\/fr\/wp-json\/wp\/v2\/media?parent=9485"}],"curies":[{"name":"wp","href":"https:\/\/api.w.org\/{rel}","templated":true}]}}