{"id":3,"date":"2021-08-16T15:11:01","date_gmt":"2021-08-16T15:11:01","guid":{"rendered":"https:\/\/arendt-academy.be\/?page_id=3"},"modified":"2022-03-03T09:28:19","modified_gmt":"2022-03-03T09:28:19","slug":"privacy-verklaring","status":"publish","type":"page","link":"https:\/\/arendt-academy.be\/fr\/privacy-verklaring\/","title":{"rendered":"D\u00e9claration de confidentialit\u00e9"},"content":{"rendered":"<div data-elementor-type=\"wp-page\" data-elementor-id=\"3\" class=\"elementor elementor-3\" data-elementor-post-type=\"page\">\n\t\t\t\t\t\t<section class=\"elementor-section elementor-top-section elementor-element elementor-element-6265063f elementor-section-boxed elementor-section-height-default elementor-section-height-default\" data-id=\"6265063f\" data-element_type=\"section\" data-e-type=\"section\">\n\t\t\t\t\t\t<div class=\"elementor-container elementor-column-gap-default\">\n\t\t\t\t\t<div class=\"elementor-column elementor-col-100 elementor-top-column elementor-element elementor-element-6e9917b7\" data-id=\"6e9917b7\" data-element_type=\"column\" data-e-type=\"column\">\n\t\t\t<div class=\"elementor-widget-wrap elementor-element-populated\">\n\t\t\t\t\t\t<div class=\"elementor-element elementor-element-473d4f63 elementor-widget elementor-widget-text-editor\" data-id=\"473d4f63\" data-element_type=\"widget\" data-e-type=\"widget\" data-widget_type=\"text-editor.default\">\n\t\t\t\t<div class=\"elementor-widget-container\">\n\t\t\t\t\t<div class=\"bb-theme-elementor-wrap bb-elementor-custom-family bb-elementor-custom-size\">\t\t\t\t<div data-id=\"25de150\" data-element_type=\"widget\" data-widget_type=\"heading.default\"><p><strong style=\"font-size: 16px;\">Droit d'auteur et droit du producteur d'une base de donn\u00e9es<\/strong><\/p><\/div><div data-id=\"aece73b\" data-element_type=\"widget\" data-widget_type=\"text-editor.default\"><div><p>Le site web Arendt Academy de l'Institut Hannah Arendt est une cr\u00e9ation prot\u00e9g\u00e9e par le droit d'auteur et constitue \u00e9galement une base de donn\u00e9es dont l'Institut Hannah Arendt d\u00e9tient les droits d'auteur et les droits en tant que producteur. Tous les textes, la mise en page, les dessins, les photos, les films, les graphiques et autres \u00e9l\u00e9ments de ce site sont prot\u00e9g\u00e9s par le droit d'auteur. Toute copie, adaptation, modification, traduction, r\u00e9arrangement, communication publique, location ou autre exploitation d'une partie ou de l'ensemble de ce site, sous quelque forme et par quelque moyen que ce soit, \u00e9lectronique, m\u00e9canique ou autre, est strictement interdite, sauf autorisation \u00e9crite pr\u00e9alable de l'Institut Hannah Arendt.<br \/>Un droit sui generis qui conf\u00e8re au producteur d'une base de donn\u00e9es le droit d'interdire l'extraction ou la r\u00e9utilisation, totale ou partielle, des informations contenues dans ladite base prot\u00e8ge le contenu de la base.<br \/>Toute violation de ces droits peut faire l'objet de poursuites civiles ou p\u00e9nales.<\/p><p><strong>Marques commerciales et noms de marque<\/strong><\/p><p><span style=\"color: var( --e-global-color-text );\">Tous les noms, logos et autres signes utilis\u00e9s sur ce site, y compris le logo et le nom de l'Institut Hannah Arendt, sont des marques commerciales et\/ou des noms de marque prot\u00e9g\u00e9s par la loi. L'Institut Hannah Arendt interdit strictement toute utilisation de ces signes ou de signes similaires, sauf autorisation \u00e9crite pr\u00e9alable.<\/span><\/p><p><strong>Responsabilit\u00e9 relative au contenu<\/strong><\/p><p>Ce site Arendt Academy a \u00e9t\u00e9 cr\u00e9\u00e9 avec le plus grand soin par l'Institut Hannah Arendt et est g\u00e9r\u00e9 de la m\u00eame mani\u00e8re. L'Institut Hannah Arendt ne peut toutefois garantir l'exactitude des informations figurant sur ce site. L'utilisateur reconna\u00eet que ces informations, notamment celles relatives aux produits propos\u00e9s \u00e0 la vente et \u00e0 leurs tarifs, peuvent \u00eatre modifi\u00e9es sans pr\u00e9avis. L'Institut Hannah Arendt d\u00e9cline toute responsabilit\u00e9 quant au contenu de ce site, ainsi qu'\u00e0 l'utilisation qui pourrait en \u00eatre faite. L'Institut Hannah Arendt ne peut \u00eatre tenu responsable du contenu ou de l'existence d'autres sites vers lesquels des hyperliens sont fournis.<\/p><p><strong>Politique de confidentialit\u00e9<\/strong><\/p><p>L'Institut Hannah Arendt met tout en \u0153uvre pour prot\u00e9ger votre vie priv\u00e9e lorsque vous visitez notre site. Certaines informations stock\u00e9es sur le serveur web de l'Institut Hannah Arendt sont celles que vous fournissez volontairement via des formulaires, tandis que d'autres sont collect\u00e9es automatiquement. \u00c0 moins que vous ne transmettiez vos donn\u00e9es personnelles de votre plein gr\u00e9, l'Institut Hannah Arendt ne collectera aucune information permettant d'identifier les visiteurs individuels.<\/p><p>Le serveur web de l'Institut Hannah Arendt collecte automatiquement des informations qui ne permettent pas d'identifier les utilisateurs individuellement. Les informations courantes ainsi collect\u00e9es comprennent le nom de domaine de votre fournisseur d'acc\u00e8s Internet, l'adresse IP (protocole Internet) utilis\u00e9e pour connecter l'ordinateur de l'utilisateur \u00e0 Internet, le type et la version du navigateur du visiteur, le syst\u00e8me d'exploitation et la plate-forme, le temps moyen pass\u00e9 sur notre site, les pages consult\u00e9es, les informations recherch\u00e9es, les heures de consultation du site et d'autres statistiques pertinentes.<\/p><p>L'Institut Hannah Arendt utilise ces informations agr\u00e9g\u00e9es pour mesurer l'utilisation de ses sites, les g\u00e9rer et les am\u00e9liorer.<\/p><p>Le site web Arendt Academy peut \u00e9galement placer certains \u00e9l\u00e9ments d'information, appel\u00e9s \u201c cookies \u201d, sur l'ordinateur d'un visiteur. En g\u00e9n\u00e9ral, un cookie est un num\u00e9ro unique attribu\u00e9 au visiteur, qui n'a aucune signification en dehors du site qui l'attribue. Cette technologie ne recueille aucune information permettant d'identifier un visiteur individuel ; toutefois, ces informations sont \u00e9galement utilis\u00e9es sous forme agr\u00e9g\u00e9e. L'objectif de cette technologie et des informations qu'elle fournit est, l\u00e0 encore, de nous aider \u00e0 am\u00e9liorer le site web de l'Institut Hannah Arendt. La plupart des navigateurs web offrent \u00e0 l'utilisateur la possibilit\u00e9 d'accepter ou de refuser les cookies. Vous devez toutefois savoir que les cookies peuvent \u00eatre n\u00e9cessaires pour vous fournir certaines fonctionnalit\u00e9s (par exemple, des informations personnalis\u00e9es) disponibles sur les sites de l'Institut Hannah Arendt. Vous trouverez plus d'informations sur les cookies sur\u00a0<a href=\"http:\/\/www.microsoft.com\/info\/cookies.htm\">http:\/\/www.microsoft.com\/info\/cookies.htm<\/a>.<\/p><p>Si vous souhaitez b\u00e9n\u00e9ficier de services personnalis\u00e9s, vous serez invit\u00e9 \u00e0 fournir des informations personnelles (par exemple, votre nom, votre adresse, votre num\u00e9ro de t\u00e9l\u00e9phone et votre adresse \u00e9lectronique). Votre refus de fournir ces informations n'aura aucune cons\u00e9quence significative, si ce n'est que vous ne pourrez peut-\u00eatre pas b\u00e9n\u00e9ficier des fonctionnalit\u00e9s ou recevoir les informations que vous avez demand\u00e9es.<\/p><p>En nous transmettant vos donn\u00e9es personnelles, vous serez trait\u00e9 comme si vous nous aviez donn\u00e9 l'autorisation de traiter vos donn\u00e9es personnelles, comme pr\u00e9vu dans la pr\u00e9sente politique ; il se peut que nous devions transmettre vos donn\u00e9es personnelles \u00e0 nos filiales et\/ou \u00e0 des tiers, et ce exclusivement dans le cadre de la r\u00e9alisation de ce traitement.<\/p><p>L'Institut Hannah Arendt utilisera les informations personnelles uniquement aux fins qui vous ont \u00e9t\u00e9 communiqu\u00e9es lorsque vous avez fourni ces informations. L'Institut Hannah Arendt ne divulguera, ne vendra, ne louera ni n'\u00e9changera ces informations personnelles identifiables avec d'autres organisations ou entit\u00e9s, sauf si l'utilisateur en est pr\u00e9alablement inform\u00e9 et y consent express\u00e9ment, ou si la loi l'exige.<\/p><p>L'Institut Hannah Arendt se r\u00e9serve le droit de modifier ces politiques \u00e0 tout moment. La politique de confidentialit\u00e9 ne cr\u00e9e aucun droit contractuel ou l\u00e9gal au profit de l'une des parties.<\/p><p>Ce site peut contenir des liens vers d'autres sites web. La pr\u00e9sente d\u00e9claration de confidentialit\u00e9 ne s'\u00e9tend pas \u00e0 ces sites, et l'Institut Hannah Arendt ne saurait \u00eatre tenu responsable des pratiques de confidentialit\u00e9 ou du contenu de ces autres sites.<\/p><p>Si vous avez des doutes ou des questions, veuillez consulter votre interlocuteur local de l'Institut Hannah Arendt ou envoyer un e-mail \u00e0 <a href=\"mailto:info@hannah-arendt.institute\">info@hannah-arendt.institute<\/a>.<\/p><\/div><\/div>\t\t\t\t<\/div>\t\t\t\t<\/div>\n\t\t\t\t<\/div>\n\t\t\t\t\t<\/div>\n\t\t<\/div>\n\t\t\t\t\t<\/div>\n\t\t<\/section>\n\t\t\t\t<\/div>","protected":false},"excerpt":{"rendered":"<p>Auteursrecht en recht van de producent van een database De website Arendt Academy van het Hannah Arendt Instituut is een creatie die wordt beschermd door&hellip;<\/p>","protected":false},"author":1,"featured_media":0,"parent":0,"menu_order":0,"comment_status":"closed","ping_status":"open","template":"","meta":{"_acf_changed":false,"footnotes":""},"class_list":["post-3","page","type-page","status-publish","hentry"],"acf":[],"_links":{"self":[{"href":"https:\/\/arendt-academy.be\/fr\/wp-json\/wp\/v2\/pages\/3","targetHints":{"allow":["GET"]}}],"collection":[{"href":"https:\/\/arendt-academy.be\/fr\/wp-json\/wp\/v2\/pages"}],"about":[{"href":"https:\/\/arendt-academy.be\/fr\/wp-json\/wp\/v2\/types\/page"}],"author":[{"embeddable":true,"href":"https:\/\/arendt-academy.be\/fr\/wp-json\/wp\/v2\/users\/1"}],"replies":[{"embeddable":true,"href":"https:\/\/arendt-academy.be\/fr\/wp-json\/wp\/v2\/comments?post=3"}],"version-history":[{"count":5,"href":"https:\/\/arendt-academy.be\/fr\/wp-json\/wp\/v2\/pages\/3\/revisions"}],"predecessor-version":[{"id":5500,"href":"https:\/\/arendt-academy.be\/fr\/wp-json\/wp\/v2\/pages\/3\/revisions\/5500"}],"wp:attachment":[{"href":"https:\/\/arendt-academy.be\/fr\/wp-json\/wp\/v2\/media?parent=3"}],"curies":[{"name":"wp","href":"https:\/\/api.w.org\/{rel}","templated":true}]}}