{"id":22303,"date":"2025-10-31T12:15:44","date_gmt":"2025-10-31T12:15:44","guid":{"rendered":"https:\/\/arendt-academy.be\/?page_id=22303"},"modified":"2025-12-03T08:17:10","modified_gmt":"2025-12-03T08:17:10","slug":"inschrijven","status":"publish","type":"page","link":"https:\/\/arendt-academy.be\/fr\/inschrijven\/","title":{"rendered":"S'inscrire"},"content":{"rendered":"\t\t<div data-elementor-type=\"wp-page\" data-elementor-id=\"22303\" class=\"elementor elementor-22303\" data-elementor-post-type=\"page\">\n\t\t\t\t\t\t<section class=\"elementor-section elementor-top-section elementor-element elementor-element-d6a58a8 elementor-section-boxed elementor-section-height-default elementor-section-height-default\" data-id=\"d6a58a8\" data-element_type=\"section\" data-e-type=\"section\" data-settings=\"{&quot;background_background&quot;:&quot;classic&quot;}\">\n\t\t\t\t\t\t<div class=\"elementor-container elementor-column-gap-default\">\n\t\t\t\t\t<div class=\"elementor-column elementor-col-50 elementor-top-column elementor-element elementor-element-7bce413\" data-id=\"7bce413\" data-element_type=\"column\" data-e-type=\"column\">\n\t\t\t<div class=\"elementor-widget-wrap elementor-element-populated\">\n\t\t\t\t\t\t<div class=\"elementor-element elementor-element-17e0ab7 elementor-widget__width-initial elementor-widget elementor-widget-image\" data-id=\"17e0ab7\" data-element_type=\"widget\" data-e-type=\"widget\" data-widget_type=\"image.default\">\n\t\t\t\t<div class=\"elementor-widget-container\">\n\t\t\t\t\t\t\t\t\t\t\t\t\t\t\t<img fetchpriority=\"high\" decoding=\"async\" width=\"640\" height=\"640\" src=\"https:\/\/arendt-academy.be\/wp-content\/uploads\/2025\/10\/Mailchimp-banner-1920-x-1920-px-1024x1024.png\" class=\"attachment-large size-large wp-image-22270\" alt=\"\" srcset=\"https:\/\/arendt-academy.be\/wp-content\/uploads\/2025\/10\/Mailchimp-banner-1920-x-1920-px-1024x1024.png 1024w, https:\/\/arendt-academy.be\/wp-content\/uploads\/2025\/10\/Mailchimp-banner-1920-x-1920-px-300x300.png 300w, https:\/\/arendt-academy.be\/wp-content\/uploads\/2025\/10\/Mailchimp-banner-1920-x-1920-px-150x150.png 150w, https:\/\/arendt-academy.be\/wp-content\/uploads\/2025\/10\/Mailchimp-banner-1920-x-1920-px-768x768.png 768w, https:\/\/arendt-academy.be\/wp-content\/uploads\/2025\/10\/Mailchimp-banner-1920-x-1920-px-1536x1536.png 1536w, https:\/\/arendt-academy.be\/wp-content\/uploads\/2025\/10\/Mailchimp-banner-1920-x-1920-px-12x12.png 12w, https:\/\/arendt-academy.be\/wp-content\/uploads\/2025\/10\/Mailchimp-banner-1920-x-1920-px-624x624.png 624w, https:\/\/arendt-academy.be\/wp-content\/uploads\/2025\/10\/Mailchimp-banner-1920-x-1920-px.png 1920w\" sizes=\"(max-width: 640px) 100vw, 640px\" \/>\t\t\t\t\t\t\t\t\t\t\t\t\t\t\t<\/div>\n\t\t\t\t<\/div>\n\t\t\t\t\t<\/div>\n\t\t<\/div>\n\t\t\t\t<div class=\"elementor-column elementor-col-50 elementor-top-column elementor-element elementor-element-5445067\" data-id=\"5445067\" data-element_type=\"column\" data-e-type=\"column\">\n\t\t\t<div class=\"elementor-widget-wrap elementor-element-populated\">\n\t\t\t\t\t\t<div class=\"elementor-element elementor-element-221570c elementor-widget elementor-widget-spacer\" data-id=\"221570c\" data-element_type=\"widget\" data-e-type=\"widget\" data-widget_type=\"spacer.default\">\n\t\t\t\t<div class=\"elementor-widget-container\">\n\t\t\t\t\t\t\t<div class=\"elementor-spacer\">\n\t\t\t<div class=\"elementor-spacer-inner\"><\/div>\n\t\t<\/div>\n\t\t\t\t\t\t<\/div>\n\t\t\t\t<\/div>\n\t\t\t\t<div class=\"elementor-element elementor-element-c50a216 elementor-widget elementor-widget-heading\" data-id=\"c50a216\" data-element_type=\"widget\" data-e-type=\"widget\" data-widget_type=\"heading.default\">\n\t\t\t\t<div class=\"elementor-widget-container\">\n\t\t\t\t\t<h4 class=\"elementor-heading-title elementor-size-default\">Schrijf je nu in!<\/h4>\t\t\t\t<\/div>\n\t\t\t\t<\/div>\n\t\t\t\t<div class=\"elementor-element elementor-element-e648b00 elementor-widget elementor-widget-heading\" data-id=\"e648b00\" data-element_type=\"widget\" data-e-type=\"widget\" data-widget_type=\"heading.default\">\n\t\t\t\t<div class=\"elementor-widget-container\">\n\t\t\t\t\t<h2 class=\"elementor-heading-title elementor-size-default\">Studiedag | Omstaanders in actie: haatspraak stopt niet vanzelf<\/h2>\t\t\t\t<\/div>\n\t\t\t\t<\/div>\n\t\t\t\t<div class=\"elementor-element elementor-element-b23d172 elementor-widget elementor-widget-text-editor\" data-id=\"b23d172\" data-element_type=\"widget\" data-e-type=\"widget\" data-widget_type=\"text-editor.default\">\n\t\t\t\t<div class=\"elementor-widget-container\">\n\t\t\t\t\t<div class=\"bb-theme-elementor-wrap bb-elementor-custom-color bb-elementor-custom-size bb-elementor-custom-line-height\">\t\t\t\t<p>Tijdens onze studiedag ontdek je wat het betekent om een actieve omstaander te zijn, en hoe lokale besturen, professionals en partners het omstaandersprincipe toepassen in hun dagelijkse praktijk.<\/p>\t\t\t\t<\/div>\t\t\t\t<\/div>\n\t\t\t\t<\/div>\n\t\t\t\t\t<\/div>\n\t\t<\/div>\n\t\t\t\t\t<\/div>\n\t\t<\/section>\n\t\t\t\t<section class=\"elementor-section elementor-top-section elementor-element elementor-element-083b9b8 elementor-section-boxed elementor-section-height-default elementor-section-height-default\" data-id=\"083b9b8\" data-element_type=\"section\" data-e-type=\"section\" data-settings=\"{&quot;background_background&quot;:&quot;classic&quot;}\">\n\t\t\t\t\t\t<div class=\"elementor-container elementor-column-gap-default\">\n\t\t\t\t\t<div class=\"elementor-column elementor-col-100 elementor-top-column elementor-element elementor-element-0e12798\" data-id=\"0e12798\" data-element_type=\"column\" data-e-type=\"column\">\n\t\t\t<div class=\"elementor-widget-wrap elementor-element-populated\">\n\t\t\t\t\t\t<div class=\"elementor-element elementor-element-06faaa0 elementor-button-align-stretch elementor-widget elementor-widget-form\" data-id=\"06faaa0\" data-element_type=\"widget\" data-e-type=\"widget\" data-settings=\"{&quot;step_next_label&quot;:&quot;Volgende&quot;,&quot;step_previous_label&quot;:&quot;Vorige&quot;,&quot;button_width&quot;:&quot;100&quot;,&quot;step_type&quot;:&quot;number_text&quot;,&quot;step_icon_shape&quot;:&quot;circle&quot;}\" data-widget_type=\"form.default\">\n\t\t\t\t<div class=\"elementor-widget-container\">\n\t\t\t\t\t\t\t<form class=\"elementor-form\" method=\"post\" id=\"form_studiedag_omstaanders\" name=\"form_studiedag_omstaanders\" aria-label=\"form_studiedag_omstaanders\">\n\t\t\t<input type=\"hidden\" name=\"post_id\" value=\"22303\"\/>\n\t\t\t<input type=\"hidden\" name=\"form_id\" value=\"06faaa0\"\/>\n\t\t\t<input type=\"hidden\" name=\"referer_title\" value=\"Inschrijven\" \/>\n\n\t\t\t\t\t\t\t<input type=\"hidden\" name=\"queried_id\" value=\"22303\"\/>\n\t\t\t\n\t\t\t<div class=\"elementor-form-fields-wrapper elementor-labels-above\">\n\t\t\t\t\t\t\t\t<div class=\"elementor-field-type-text elementor-field-group elementor-column elementor-field-group-name elementor-col-50 elementor-field-required elementor-mark-required\">\n\t\t\t\t\t\t\t\t\t\t\t\t<label for=\"form-field-name\" class=\"elementor-field-label\">\n\t\t\t\t\t\t\t\tVoornaam\t\t\t\t\t\t\t<\/label>\n\t\t\t\t\t\t\t\t\t\t\t\t\t\t<input size=\"1\" type=\"text\" name=\"form_fields[name]\" id=\"form-field-name\" class=\"elementor-field elementor-size-sm  elementor-field-textual\" placeholder=\"Voornaam\" required=\"required\">\n\t\t\t\t\t\t\t\t\t\t\t<\/div>\n\t\t\t\t\t\t\t\t<div class=\"elementor-field-type-text elementor-field-group elementor-column elementor-field-group-field_aa64fb8 elementor-col-50 elementor-field-required elementor-mark-required\">\n\t\t\t\t\t\t\t\t\t\t\t\t<label for=\"form-field-field_aa64fb8\" class=\"elementor-field-label\">\n\t\t\t\t\t\t\t\tNaam\t\t\t\t\t\t\t<\/label>\n\t\t\t\t\t\t\t\t\t\t\t\t\t\t<input size=\"1\" type=\"text\" name=\"form_fields[field_aa64fb8]\" id=\"form-field-field_aa64fb8\" class=\"elementor-field elementor-size-sm  elementor-field-textual\" placeholder=\"Naam\" required=\"required\">\n\t\t\t\t\t\t\t\t\t\t\t<\/div>\n\t\t\t\t\t\t\t\t<div class=\"elementor-field-type-email elementor-field-group elementor-column elementor-field-group-email elementor-col-50 elementor-field-required elementor-mark-required\">\n\t\t\t\t\t\t\t\t\t\t\t\t<label for=\"form-field-email\" class=\"elementor-field-label\">\n\t\t\t\t\t\t\t\tE-mailadres\t\t\t\t\t\t\t<\/label>\n\t\t\t\t\t\t\t\t\t\t\t\t\t\t<input size=\"1\" type=\"email\" name=\"form_fields[email]\" id=\"form-field-email\" class=\"elementor-field elementor-size-sm  elementor-field-textual\" placeholder=\"E-mailadres\" required=\"required\">\n\t\t\t\t\t\t\t\t\t\t\t<\/div>\n\t\t\t\t\t\t\t\t<div class=\"elementor-field-type-tel elementor-field-group elementor-column elementor-field-group-field_2d45220 elementor-col-50\">\n\t\t\t\t\t\t\t\t\t\t\t\t<label for=\"form-field-field_2d45220\" class=\"elementor-field-label\">\n\t\t\t\t\t\t\t\tTelefoon\t\t\t\t\t\t\t<\/label>\n\t\t\t\t\t\t\t\t<input size=\"1\" type=\"tel\" name=\"form_fields[field_2d45220]\" id=\"form-field-field_2d45220\" class=\"elementor-field elementor-size-sm  elementor-field-textual\" placeholder=\"Telefoon\" pattern=\"[0-9()#&amp;+*-=.]+\" title=\"Alleen nummers en telefoontekens (#, -, *, enz.) worden geaccepteerd.\">\n\n\t\t\t\t\t\t<\/div>\n\t\t\t\t\t\t\t\t<div class=\"elementor-field-type-text elementor-field-group elementor-column elementor-field-group-field_1a014f1 elementor-col-50 elementor-field-required elementor-mark-required\">\n\t\t\t\t\t\t\t\t\t\t\t\t<label for=\"form-field-field_1a014f1\" class=\"elementor-field-label\">\n\t\t\t\t\t\t\t\tOrganisatie\t\t\t\t\t\t\t<\/label>\n\t\t\t\t\t\t\t\t\t\t\t\t\t\t<input size=\"1\" type=\"text\" name=\"form_fields[field_1a014f1]\" id=\"form-field-field_1a014f1\" class=\"elementor-field elementor-size-sm  elementor-field-textual\" placeholder=\"Organisatie\" required=\"required\">\n\t\t\t\t\t\t\t\t\t\t\t<\/div>\n\t\t\t\t\t\t\t\t<div class=\"elementor-field-type-text elementor-field-group elementor-column elementor-field-group-field_43b2ded elementor-col-50 elementor-field-required elementor-mark-required\">\n\t\t\t\t\t\t\t\t\t\t\t\t<label for=\"form-field-field_43b2ded\" class=\"elementor-field-label\">\n\t\t\t\t\t\t\t\tFunctie\t\t\t\t\t\t\t<\/label>\n\t\t\t\t\t\t\t\t\t\t\t\t\t\t<input size=\"1\" type=\"text\" name=\"form_fields[field_43b2ded]\" id=\"form-field-field_43b2ded\" class=\"elementor-field elementor-size-sm  elementor-field-textual\" placeholder=\"Functie\" required=\"required\">\n\t\t\t\t\t\t\t\t\t\t\t<\/div>\n\t\t\t\t\t\t\t\t<div class=\"elementor-field-type-select elementor-field-group elementor-column elementor-field-group-field_97e88c9 elementor-col-50 elementor-field-required elementor-mark-required\">\n\t\t\t\t\t\t\t\t\t\t\t\t<label for=\"form-field-field_97e88c9\" class=\"elementor-field-label\">\n\t\t\t\t\t\t\t\tSessieronde 1\t\t\t\t\t\t\t<\/label>\n\t\t\t\t\t\t\t\t<div class=\"elementor-field elementor-select-wrapper remove-before \">\n\t\t\t<div class=\"select-caret-down-wrapper\">\n\t\t\t\t<i aria-hidden=\"true\" class=\"eicon-caret-down\"><\/i>\t\t\t<\/div>\n\t\t\t<select name=\"form_fields[field_97e88c9]\" id=\"form-field-field_97e88c9\" class=\"elementor-field-textual elementor-size-sm\" required=\"required\">\n\t\t\t\t\t\t\t\t\t<option value=\"Panelgesprek: Lokale besturen aan het woord\">Panelgesprek: Lokale besturen aan het woord<\/option>\n\t\t\t\t\t\t\t\t\t<option value=\"Workshop: &#039;Reageren tegen racisme kan je leren&#039;\">Workshop: &#039;Reageren tegen racisme kan je leren&#039;<\/option>\n\t\t\t\t\t\t\t<\/select>\n\t\t<\/div>\n\t\t\t\t\t\t<\/div>\n\t\t\t\t\t\t\t\t<div class=\"elementor-field-type-select elementor-field-group elementor-column elementor-field-group-field_07824ac elementor-col-50 elementor-field-required elementor-mark-required\">\n\t\t\t\t\t\t\t\t\t\t\t\t<label for=\"form-field-field_07824ac\" class=\"elementor-field-label\">\n\t\t\t\t\t\t\t\tSessieronde 2\t\t\t\t\t\t\t<\/label>\n\t\t\t\t\t\t\t\t<div class=\"elementor-field elementor-select-wrapper remove-before \">\n\t\t\t<div class=\"select-caret-down-wrapper\">\n\t\t\t\t<i aria-hidden=\"true\" class=\"eicon-caret-down\"><\/i>\t\t\t<\/div>\n\t\t\t<select name=\"form_fields[field_07824ac]\" id=\"form-field-field_07824ac\" class=\"elementor-field-textual elementor-size-sm\" required=\"required\">\n\t\t\t\t\t\t\t\t\t<option value=\"Presentatie: Train de trainer &#039;Ogen Open&#039; en nieuwe e-learning\">Presentatie: Train de trainer &#039;Ogen Open&#039; en nieuwe e-learning<\/option>\n\t\t\t\t\t\t\t\t\t<option value=\"Panelgesprek: &#039;Hoe spreek je met jongeren over omstaandergedrag?&#039;\">Panelgesprek: &#039;Hoe spreek je met jongeren over omstaandergedrag?&#039;<\/option>\n\t\t\t\t\t\t\t\t\t<option value=\"\"><\/option>\n\t\t\t\t\t\t\t<\/select>\n\t\t<\/div>\n\t\t\t\t\t\t<\/div>\n\t\t\t\t\t\t\t\t<div class=\"elementor-field-type-textarea elementor-field-group elementor-column elementor-field-group-message elementor-col-100 elementor-field-required elementor-mark-required\">\n\t\t\t\t\t\t\t\t\t\t\t\t<label for=\"form-field-message\" class=\"elementor-field-label\">\n\t\t\t\t\t\t\t\tHoe sluit deze studiedag aan op jouw praktijk, en wat hoop je eruit te leren?\t\t\t\t\t\t\t<\/label>\n\t\t\t\t\t\t<textarea class=\"elementor-field-textual elementor-field  elementor-size-sm\" name=\"form_fields[message]\" id=\"form-field-message\" rows=\"4\" placeholder=\"Bericht\" required=\"required\"><\/textarea>\t\t\t\t<\/div>\n\t\t\t\t\t\t\t\t<div class=\"elementor-field-group elementor-column elementor-field-type-submit elementor-col-100 e-form__buttons\">\n\t\t\t\t\t<button class=\"elementor-button elementor-size-sm\" type=\"submit\">\n\t\t\t\t\t\t<span class=\"elementor-button-content-wrapper\">\n\t\t\t\t\t\t\t\t\t\t\t\t\t\t\t\t\t\t\t\t\t\t<span class=\"elementor-button-text\">Ik bevestig mijn inschrijving<\/span>\n\t\t\t\t\t\t\t\t\t\t\t\t\t<\/span>\n\t\t\t\t\t<\/button>\n\t\t\t\t<\/div>\n\t\t\t<\/div>\n\t\t<\/form>\n\t\t\t\t\t\t<\/div>\n\t\t\t\t<\/div>\n\t\t\t\t\t<\/div>\n\t\t<\/div>\n\t\t\t\t\t<\/div>\n\t\t<\/section>\n\t\t\t\t<\/div>\n\t\t","protected":false},"excerpt":{"rendered":"<p>Inscrivez-vous d\u00e8s maintenant ! Journ\u00e9e d'\u00e9tude | Les t\u00e9moins en action : les discours haineux ne s'arr\u00eatent pas d'eux-m\u00eames Au cours de notre journ\u00e9e d'\u00e9tude, vous d\u00e9couvrirez ce que signifie \u00eatre un t\u00e9moin actif...<\/p>","protected":false},"author":675,"featured_media":0,"parent":0,"menu_order":0,"comment_status":"closed","ping_status":"closed","template":"","meta":{"_acf_changed":false,"footnotes":""},"class_list":["post-22303","page","type-page","status-publish","hentry"],"acf":[],"_links":{"self":[{"href":"https:\/\/arendt-academy.be\/fr\/wp-json\/wp\/v2\/pages\/22303","targetHints":{"allow":["GET"]}}],"collection":[{"href":"https:\/\/arendt-academy.be\/fr\/wp-json\/wp\/v2\/pages"}],"about":[{"href":"https:\/\/arendt-academy.be\/fr\/wp-json\/wp\/v2\/types\/page"}],"author":[{"embeddable":true,"href":"https:\/\/arendt-academy.be\/fr\/wp-json\/wp\/v2\/users\/675"}],"replies":[{"embeddable":true,"href":"https:\/\/arendt-academy.be\/fr\/wp-json\/wp\/v2\/comments?post=22303"}],"version-history":[{"count":16,"href":"https:\/\/arendt-academy.be\/fr\/wp-json\/wp\/v2\/pages\/22303\/revisions"}],"predecessor-version":[{"id":24201,"href":"https:\/\/arendt-academy.be\/fr\/wp-json\/wp\/v2\/pages\/22303\/revisions\/24201"}],"wp:attachment":[{"href":"https:\/\/arendt-academy.be\/fr\/wp-json\/wp\/v2\/media?parent=22303"}],"curies":[{"name":"wp","href":"https:\/\/api.w.org\/{rel}","templated":true}]}}