{"id":1837,"date":"2022-01-10T12:31:24","date_gmt":"2022-01-10T12:31:24","guid":{"rendered":"https:\/\/arendt-academy.be\/?page_id=1837"},"modified":"2025-12-12T14:20:14","modified_gmt":"2025-12-12T14:20:14","slug":"over-ons","status":"publish","type":"page","link":"https:\/\/arendt-academy.be\/fr\/over-ons\/","title":{"rendered":"\u00c0 propos de nous"},"content":{"rendered":"<div data-elementor-type=\"wp-page\" data-elementor-id=\"1837\" class=\"elementor elementor-1837\" data-elementor-post-type=\"page\">\n\t\t\t\t\t\t<section class=\"elementor-section elementor-top-section elementor-element elementor-element-1e1ed70 elementor-section-content-middle elementor-section-boxed elementor-section-height-default elementor-section-height-default\" data-id=\"1e1ed70\" data-element_type=\"section\" data-e-type=\"section\" data-settings=\"{&quot;background_background&quot;:&quot;classic&quot;}\">\n\t\t\t\t\t\t\t<div class=\"elementor-background-overlay\"><\/div>\n\t\t\t\t\t\t\t<div class=\"elementor-container elementor-column-gap-no\">\n\t\t\t\t\t<div class=\"elementor-column elementor-col-50 elementor-top-column elementor-element elementor-element-c239a94\" data-id=\"c239a94\" data-element_type=\"column\" data-e-type=\"column\">\n\t\t\t<div class=\"elementor-widget-wrap elementor-element-populated\">\n\t\t\t\t\t\t<div class=\"elementor-element elementor-element-597f4e5 elementor-widget elementor-widget-image\" data-id=\"597f4e5\" data-element_type=\"widget\" data-e-type=\"widget\" data-widget_type=\"image.default\">\n\t\t\t\t<div class=\"elementor-widget-container\">\n\t\t\t\t\t\t\t\t\t\t\t\t\t\t\t<img fetchpriority=\"high\" decoding=\"async\" width=\"640\" height=\"543\" src=\"https:\/\/arendt-academy.be\/wp-content\/uploads\/2022\/03\/Hannah-Arendt-1024x869.jpg\" class=\"attachment-large size-large wp-image-4958\" alt=\"\" srcset=\"https:\/\/arendt-academy.be\/wp-content\/uploads\/2022\/03\/Hannah-Arendt-1024x869.jpg 1024w, https:\/\/arendt-academy.be\/wp-content\/uploads\/2022\/03\/Hannah-Arendt-300x255.jpg 300w, https:\/\/arendt-academy.be\/wp-content\/uploads\/2022\/03\/Hannah-Arendt-768x652.jpg 768w, https:\/\/arendt-academy.be\/wp-content\/uploads\/2022\/03\/Hannah-Arendt-1536x1304.jpg 1536w, https:\/\/arendt-academy.be\/wp-content\/uploads\/2022\/03\/Hannah-Arendt-624x530.jpg 624w, https:\/\/arendt-academy.be\/wp-content\/uploads\/2022\/03\/Hannah-Arendt.jpg 1600w\" sizes=\"(max-width: 640px) 100vw, 640px\" \/>\t\t\t\t\t\t\t\t\t\t\t\t\t\t\t<\/div>\n\t\t\t\t<\/div>\n\t\t\t\t\t<\/div>\n\t\t<\/div>\n\t\t\t\t<div class=\"elementor-column elementor-col-50 elementor-top-column elementor-element elementor-element-bf2411b\" data-id=\"bf2411b\" data-element_type=\"column\" data-e-type=\"column\">\n\t\t\t<div class=\"elementor-widget-wrap elementor-element-populated\">\n\t\t\t\t\t\t<div class=\"elementor-element elementor-element-b2ff801 elementor-widget elementor-widget-heading\" data-id=\"b2ff801\" data-element_type=\"widget\" data-e-type=\"widget\" data-widget_type=\"heading.default\">\n\t\t\t\t<div class=\"elementor-widget-container\">\n\t\t\t\t\t<h4 class=\"elementor-heading-title elementor-size-default\">Institut Hannah Arendt<\/h4>\t\t\t\t<\/div>\n\t\t\t\t<\/div>\n\t\t\t\t<div class=\"elementor-element elementor-element-1719ef6 elementor-widget elementor-widget-heading\" data-id=\"1719ef6\" data-element_type=\"widget\" data-e-type=\"widget\" data-widget_type=\"heading.default\">\n\t\t\t\t<div class=\"elementor-widget-container\">\n\t\t\t\t\t<h2 class=\"elementor-heading-title elementor-size-default\">Un pont entre la science et la pratique<\/h2>\t\t\t\t<\/div>\n\t\t\t\t<\/div>\n\t\t\t\t<div class=\"elementor-element elementor-element-0ff14e4 elementor-widget elementor-widget-text-editor\" data-id=\"0ff14e4\" data-element_type=\"widget\" data-e-type=\"widget\" data-widget_type=\"text-editor.default\">\n\t\t\t\t<div class=\"elementor-widget-container\">\n\t\t\t\t\t<div class=\"bb-theme-elementor-wrap bb-elementor-custom-color bb-elementor-custom-size bb-elementor-custom-line-height\">\t\t\t\t<p>Arendt Academy est la plateforme d'apprentissage num\u00e9rique de l'Institut Hannah Arendt. Nous regroupons les connaissances de cinq universit\u00e9s flamandes (UAntwerpen, VUB, KULeuven, UGent et UHasselt) autour de th\u00e8mes sociaux sp\u00e9cifiques. Nous sommes situ\u00e9s au c\u0153ur de Malines. Diverses autorit\u00e9s et organisations partenaires soutiennent nos activit\u00e9s. En r\u00e9unissant notre expertise et nos connaissances, nous voulons avoir un impact ensemble.<\/p>\t\t\t\t<\/div>\t\t\t\t<\/div>\n\t\t\t\t<\/div>\n\t\t\t\t<div class=\"elementor-element elementor-element-2dcedbb elementor-widget elementor-widget-button\" data-id=\"2dcedbb\" data-element_type=\"widget\" data-e-type=\"widget\" data-widget_type=\"button.default\">\n\t\t\t\t<div class=\"elementor-widget-container\">\n\t\t\t\t\t\t\t\t\t<div class=\"elementor-button-wrapper\">\n\t\t\t\t\t<a class=\"elementor-button elementor-button-link elementor-size-sm\" href=\"http:\/\/www.hannah-arendt.institute\">\n\t\t\t\t\t\t<span class=\"elementor-button-content-wrapper\">\n\t\t\t\t\t\t\t\t\t<span class=\"elementor-button-text\">Site web de l'Institut Hannah Arendt<\/span>\n\t\t\t\t\t<\/span>\n\t\t\t\t\t<\/a>\n\t\t\t\t<\/div>\n\t\t\t\t\t\t\t\t<\/div>\n\t\t\t\t<\/div>\n\t\t\t\t\t<\/div>\n\t\t<\/div>\n\t\t\t\t\t<\/div>\n\t\t<\/section>\n\t\t\t\t<section class=\"elementor-section elementor-top-section elementor-element elementor-element-154ce68 elementor-section-boxed elementor-section-height-default elementor-section-height-default\" data-id=\"154ce68\" data-element_type=\"section\" data-e-type=\"section\">\n\t\t\t\t\t\t<div class=\"elementor-container elementor-column-gap-default\">\n\t\t\t\t\t<div class=\"elementor-column elementor-col-100 elementor-top-column elementor-element elementor-element-aea7987\" data-id=\"aea7987\" data-element_type=\"column\" data-e-type=\"column\">\n\t\t\t<div class=\"elementor-widget-wrap elementor-element-populated\">\n\t\t\t\t\t\t<div class=\"elementor-element elementor-element-ca9e008 elementor-widget-divider--view-line elementor-widget elementor-widget-divider\" data-id=\"ca9e008\" data-element_type=\"widget\" data-e-type=\"widget\" data-widget_type=\"divider.default\">\n\t\t\t\t<div class=\"elementor-widget-container\">\n\t\t\t\t\t\t\t<div class=\"elementor-divider\">\n\t\t\t<span class=\"elementor-divider-separator\">\n\t\t\t\t\t\t<\/span>\n\t\t<\/div>\n\t\t\t\t\t\t<\/div>\n\t\t\t\t<\/div>\n\t\t\t\t\t<\/div>\n\t\t<\/div>\n\t\t\t\t\t<\/div>\n\t\t<\/section>\n\t\t\t\t<section class=\"elementor-section elementor-top-section elementor-element elementor-element-113a510 elementor-section-boxed elementor-section-height-default elementor-section-height-default\" data-id=\"113a510\" data-element_type=\"section\" data-e-type=\"section\">\n\t\t\t\t\t\t<div class=\"elementor-container elementor-column-gap-default\">\n\t\t\t\t\t<div class=\"elementor-column elementor-col-100 elementor-top-column elementor-element elementor-element-cae0091\" data-id=\"cae0091\" data-element_type=\"column\" data-e-type=\"column\">\n\t\t\t<div class=\"elementor-widget-wrap elementor-element-populated\">\n\t\t\t\t\t\t<div class=\"elementor-element elementor-element-c4679c5 elementor-widget elementor-widget-video\" data-id=\"c4679c5\" data-element_type=\"widget\" data-e-type=\"widget\" data-settings=\"{&quot;video_type&quot;:&quot;vimeo&quot;,&quot;autoplay&quot;:&quot;yes&quot;,&quot;play_on_mobile&quot;:&quot;yes&quot;,&quot;mute&quot;:&quot;yes&quot;}\" data-widget_type=\"video.default\">\n\t\t\t\t<div class=\"elementor-widget-container\">\n\t\t\t\t\t\t\t<div class=\"elementor-wrapper elementor-open-inline\">\n\t\t\t<iframe class=\"elementor-video-iframe\" allowfullscreen allow=\"autoplay\" title=\"lecteur vid\u00e9o Vimeo\" src=\"https:\/\/player.vimeo.com\/video\/941124926?autoplay=1&amp;playsinline=1&amp;color&amp;autopause=0&amp;loop=0&amp;muted=1&amp;title=0&amp;portrait=0&amp;byline=0#t=\"><\/iframe>\t\t<\/div>\n\t\t\t\t\t\t<\/div>\n\t\t\t\t<\/div>\n\t\t\t\t\t<\/div>\n\t\t<\/div>\n\t\t\t\t\t<\/div>\n\t\t<\/section>\n\t\t\t\t<section class=\"elementor-section elementor-top-section elementor-element elementor-element-5e77c0c elementor-section-boxed elementor-section-height-default elementor-section-height-default\" data-id=\"5e77c0c\" data-element_type=\"section\" data-e-type=\"section\">\n\t\t\t\t\t\t<div class=\"elementor-container elementor-column-gap-default\">\n\t\t\t\t\t<div class=\"elementor-column elementor-col-100 elementor-top-column elementor-element elementor-element-a864906\" data-id=\"a864906\" data-element_type=\"column\" data-e-type=\"column\">\n\t\t\t<div class=\"elementor-widget-wrap elementor-element-populated\">\n\t\t\t\t\t\t<div class=\"elementor-element elementor-element-0a49823 elementor-widget elementor-widget-text-editor\" data-id=\"0a49823\" data-element_type=\"widget\" data-e-type=\"widget\" data-widget_type=\"text-editor.default\">\n\t\t\t\t<div class=\"elementor-widget-container\">\n\t\t\t\t\t\t\t\t\t<p>Impression de Facts to Act 2024.&nbsp;<\/p>\t\t\t\t\t\t\t\t<\/div>\n\t\t\t\t<\/div>\n\t\t\t\t\t<\/div>\n\t\t<\/div>\n\t\t\t\t\t<\/div>\n\t\t<\/section>\n\t\t\t\t<\/div>","protected":false},"excerpt":{"rendered":"<p>Institut Hannah Arendt Pont entre la science et la pratique Arendt Academy est la plateforme d'apprentissage num\u00e9rique de l'Institut Hannah Arendt. Nous mettons en commun les connaissances de cinq...<\/p>","protected":false},"author":13,"featured_media":0,"parent":0,"menu_order":0,"comment_status":"closed","ping_status":"closed","template":"","meta":{"_acf_changed":false,"footnotes":""},"class_list":["post-1837","page","type-page","status-publish","hentry"],"acf":[],"_links":{"self":[{"href":"https:\/\/arendt-academy.be\/fr\/wp-json\/wp\/v2\/pages\/1837","targetHints":{"allow":["GET"]}}],"collection":[{"href":"https:\/\/arendt-academy.be\/fr\/wp-json\/wp\/v2\/pages"}],"about":[{"href":"https:\/\/arendt-academy.be\/fr\/wp-json\/wp\/v2\/types\/page"}],"author":[{"embeddable":true,"href":"https:\/\/arendt-academy.be\/fr\/wp-json\/wp\/v2\/users\/13"}],"replies":[{"embeddable":true,"href":"https:\/\/arendt-academy.be\/fr\/wp-json\/wp\/v2\/comments?post=1837"}],"version-history":[{"count":8,"href":"https:\/\/arendt-academy.be\/fr\/wp-json\/wp\/v2\/pages\/1837\/revisions"}],"predecessor-version":[{"id":24445,"href":"https:\/\/arendt-academy.be\/fr\/wp-json\/wp\/v2\/pages\/1837\/revisions\/24445"}],"wp:attachment":[{"href":"https:\/\/arendt-academy.be\/fr\/wp-json\/wp\/v2\/media?parent=1837"}],"curies":[{"name":"wp","href":"https:\/\/api.w.org\/{rel}","templated":true}]}}