{"id":14904,"date":"2023-07-30T12:39:20","date_gmt":"2023-07-30T12:39:20","guid":{"rendered":"https:\/\/arendt-academy.be\/registreren\/welkom\/"},"modified":"2023-07-30T12:39:20","modified_gmt":"2023-07-30T12:39:20","slug":"welkom","status":"publish","type":"page","link":"https:\/\/arendt-academy.be\/fr\/registreren\/welkom\/","title":{"rendered":"Bienvenue"},"content":{"rendered":"<p>Bienvenue ! Il s'agit de votre page de succ\u00e8s o\u00f9 les membres sont redirig\u00e9s apr\u00e8s une inscription r\u00e9ussie.<\/p>","protected":false},"excerpt":{"rendered":"<p>Bienvenue ! Il s'agit de votre page de succ\u00e8s o\u00f9 les membres sont redirig\u00e9s apr\u00e8s une inscription r\u00e9ussie.<\/p>","protected":false},"author":1,"featured_media":0,"parent":14903,"menu_order":0,"comment_status":"closed","ping_status":"closed","template":"","meta":{"_acf_changed":false,"footnotes":""},"class_list":["post-14904","page","type-page","status-publish","hentry"],"acf":[],"_links":{"self":[{"href":"https:\/\/arendt-academy.be\/fr\/wp-json\/wp\/v2\/pages\/14904","targetHints":{"allow":["GET"]}}],"collection":[{"href":"https:\/\/arendt-academy.be\/fr\/wp-json\/wp\/v2\/pages"}],"about":[{"href":"https:\/\/arendt-academy.be\/fr\/wp-json\/wp\/v2\/types\/page"}],"author":[{"embeddable":true,"href":"https:\/\/arendt-academy.be\/fr\/wp-json\/wp\/v2\/users\/1"}],"replies":[{"embeddable":true,"href":"https:\/\/arendt-academy.be\/fr\/wp-json\/wp\/v2\/comments?post=14904"}],"version-history":[{"count":0,"href":"https:\/\/arendt-academy.be\/fr\/wp-json\/wp\/v2\/pages\/14904\/revisions"}],"up":[{"embeddable":true,"href":"https:\/\/arendt-academy.be\/fr\/wp-json\/wp\/v2\/pages\/14903"}],"wp:attachment":[{"href":"https:\/\/arendt-academy.be\/fr\/wp-json\/wp\/v2\/media?parent=14904"}],"curies":[{"name":"wp","href":"https:\/\/api.w.org\/{rel}","templated":true}]}}